{"id":2,"date":"2025-07-29T20:13:27","date_gmt":"2025-07-29T20:13:27","guid":{"rendered":"https:\/\/loafashion.com.mx\/?page_id=2"},"modified":"2025-07-30T16:05:34","modified_gmt":"2025-07-30T16:05:34","slug":"pagina-ejemplo","status":"publish","type":"page","link":"https:\/\/loafashion.com.mx\/","title":{"rendered":"Qui\u00e9nes somos"},"content":{"rendered":"\n<p>Lujo que trasciende fronteras.<\/p>\n\n\n\n<p>En <em>Loa Fashion Boutique<\/em> acercamos a M\u00e9xico lo mejor del lujo internacional: moda, estilo y exclusividad en cada detalle.<\/p>\n\n\n\n<p>Nuestra curadur\u00eda re\u00fane piezas \u00fanicas y marcas reconocidas por su dise\u00f1o, calidad y sofisticaci\u00f3n. Creemos que el verdadero lujo est\u00e1 en elegir lo excepcional, por eso seleccionamos cuidadosamente cada art\u00edculo para personas que inspiran, crean y marcan tendencia.<\/p>\n\n\n\n<p>Loa es m\u00e1s que una boutique: es una experiencia de elegancia consciente.<\/p>\n","protected":false},"excerpt":{"rendered":"<p>Lujo que trasciende fronteras. En Loa Fashion Boutique acercamos a M\u00e9xico lo mejor del lujo internacional: moda, estilo y exclusividad en cada detalle. Nuestra curadur\u00eda re\u00fane piezas \u00fanicas y marcas reconocidas por su dise\u00f1o, calidad y sofisticaci\u00f3n. Creemos que el verdadero lujo est\u00e1 en elegir lo excepcional, por eso seleccionamos cuidadosamente cada art\u00edculo para personas &hellip; <\/p>\n","protected":false},"author":1,"featured_media":0,"parent":0,"menu_order":0,"comment_status":"closed","ping_status":"closed","template":"","meta":{"footnotes":""},"class_list":["post-2","page","type-page","status-publish","hentry"],"_links":{"self":[{"href":"https:\/\/loafashion.com.mx\/index.php\/wp-json\/wp\/v2\/pages\/2","targetHints":{"allow":["GET"]}}],"collection":[{"href":"https:\/\/loafashion.com.mx\/index.php\/wp-json\/wp\/v2\/pages"}],"about":[{"href":"https:\/\/loafashion.com.mx\/index.php\/wp-json\/wp\/v2\/types\/page"}],"author":[{"embeddable":true,"href":"https:\/\/loafashion.com.mx\/index.php\/wp-json\/wp\/v2\/users\/1"}],"replies":[{"embeddable":true,"href":"https:\/\/loafashion.com.mx\/index.php\/wp-json\/wp\/v2\/comments?post=2"}],"version-history":[{"count":4,"href":"https:\/\/loafashion.com.mx\/index.php\/wp-json\/wp\/v2\/pages\/2\/revisions"}],"predecessor-version":[{"id":56,"href":"https:\/\/loafashion.com.mx\/index.php\/wp-json\/wp\/v2\/pages\/2\/revisions\/56"}],"wp:attachment":[{"href":"https:\/\/loafashion.com.mx\/index.php\/wp-json\/wp\/v2\/media?parent=2"}],"curies":[{"name":"wp","href":"https:\/\/api.w.org\/{rel}","templated":true}]}}